{"id":25,"date":"2021-11-26T13:54:57","date_gmt":"2021-11-26T13:54:57","guid":{"rendered":"https:\/\/mapnology.eu\/service\/"},"modified":"2022-07-24T11:05:19","modified_gmt":"2022-07-24T11:05:19","slug":"service","status":"publish","type":"page","link":"https:\/\/mapnology.eu\/ro\/service\/","title":{"rendered":"Servicii"},"content":{"rendered":"\n<h2>SERVICIILE NOASTRE<\/h2>\n<p>Mapnology ofer\u0103 multe tipuri de servicii GIS \u0219i WebGIS, cum ar fi: <\/p>\n\n\n\n<ul class=\"wp-block-list\"><li>Extragere de date spa\u021biale din OpenStreetMap sau alte surse de date publice<\/li><li>H\u0103r\u021bi online interactive<\/li><li>Analiza spa\u021bial\u0103<\/li><li>Proiectarea \u0219i gestionarea bazelor de date spa\u021biale<\/li><li>Digitizare \u0219i introducere manual\u0103 a datelor spa\u021biale<\/li><\/ul>\n\n\n\n<h2>ECHIPA NOASTR\u0102<\/h2>\n<h3>Matei Domni\u021ba<\/h3>\n<div style=\"display:inline-flex\">\n<div style=\"min-width:300px;max-width:450px;\">\n<img decoding=\"async\" src=\"https:\/\/mapnology.eu\/wp-content\/uploads\/2022\/07\/DomnitaMatei_fotografie2.jpg\" style=\"width:200px\">\n<\/div>\n<div style=\"flex-grow:1\"><span style=\"font-weight:bold\">Dezvoltator GIS<\/span><br>\nSunt un dezvoltator GIS cu un doctorat \u00een geografie \u0219i inginerie hidrologic\u0103. Am f\u0103cut cercet\u0103ri academice despre bazele de date spa\u021biale \u0219i managementul datelor spa\u021biale. Am experien\u021b\u0103 de lucru cu date GIS, baze de date spa\u021biale \u0219i h\u0103r\u021bi web din 2012.<br>\nSunt mereu fericit s\u0103 \u00eenv\u0103\u021b noi tehnologii sau s\u0103 \u00eemi \u00eembun\u0103t\u0103\u021besc abilit\u0103\u021bile \u00een GIS \u0219i dezvoltare web.<br>\nSunt pasionat de h\u0103r\u021bi \u0219i de c\u0103l\u0103torii \u0219i \u00eemi place s\u0103-mi petrec timpul liber construind aplica\u021bii sau proiecte interesante legate de c\u0103l\u0103torii, date spa\u021biale sau h\u0103r\u021bi.<\/div>\n<\/div>\n","protected":false},"excerpt":{"rendered":"<p>SERVICIILE NOASTRE Mapnology ofer\u0103 multe tipuri de servicii GIS \u0219i WebGIS, cum ar fi: Extragere de date spa\u021biale din OpenStreetMap sau alte surse de date publice H\u0103r\u021bi online interactive Analiza &#8230;<\/p>\n","protected":false},"author":1,"featured_media":0,"parent":0,"menu_order":0,"comment_status":"closed","ping_status":"closed","template":"","meta":{"footnotes":""},"class_list":["post-25","page","type-page","status-publish","hentry"],"translation":{"provider":"WPGlobus","version":"3.0.2","language":"ro","enabled_languages":["en","ro"],"languages":{"en":{"title":true,"content":true,"excerpt":false},"ro":{"title":true,"content":true,"excerpt":false}}},"_links":{"self":[{"href":"https:\/\/mapnology.eu\/ro\/wp-json\/wp\/v2\/pages\/25","targetHints":{"allow":["GET"]}}],"collection":[{"href":"https:\/\/mapnology.eu\/ro\/wp-json\/wp\/v2\/pages"}],"about":[{"href":"https:\/\/mapnology.eu\/ro\/wp-json\/wp\/v2\/types\/page"}],"author":[{"embeddable":true,"href":"https:\/\/mapnology.eu\/ro\/wp-json\/wp\/v2\/users\/1"}],"replies":[{"embeddable":true,"href":"https:\/\/mapnology.eu\/ro\/wp-json\/wp\/v2\/comments?post=25"}],"version-history":[{"count":24,"href":"https:\/\/mapnology.eu\/ro\/wp-json\/wp\/v2\/pages\/25\/revisions"}],"predecessor-version":[{"id":249,"href":"https:\/\/mapnology.eu\/ro\/wp-json\/wp\/v2\/pages\/25\/revisions\/249"}],"wp:attachment":[{"href":"https:\/\/mapnology.eu\/ro\/wp-json\/wp\/v2\/media?parent=25"}],"curies":[{"name":"wp","href":"https:\/\/api.w.org\/{rel}","templated":true}]}}