{"id":24,"date":"2021-11-26T13:54:57","date_gmt":"2021-11-26T13:54:57","guid":{"rendered":"https:\/\/mapnology.eu\/contact\/"},"modified":"2022-07-19T17:47:01","modified_gmt":"2022-07-19T17:47:01","slug":"contact","status":"publish","type":"page","link":"https:\/\/mapnology.eu\/ro\/contact\/","title":{"rendered":"Contact"},"content":{"rendered":"\n<a href=\"mailto:mapnology@gmail.com\">Trimite email<\/a>\n\n\n\n<p><\/p>\n\n\n\n<br>\n<div itemscope=\"\" itemtype=\"http:\/\/schema.org\/Person\" class=\"fiverr-seller-widget\" style=\"display: inline-block;\">\n     <a itemprop=\"url\" href=\"https:\/\/www.fiverr.com\/mdomnita\" rel=\"nofollow noopener\" target=\"_blank\" style=\"display: inline-block;\">\n        <div class=\"fiverr-seller-content\" id=\"fiverr-seller-widget-content-651731d7-8f36-448b-8b52-b6c0a981071c\" itemprop=\"contentURL\" style=\"display: none;\"><\/div>\n        <div id=\"fiverr-widget-seller-data\" style=\"display: none;\">\n            <div itemprop=\"name\">mdomnita<\/div>\n            <div itemscope=\"\" itemtype=\"http:\/\/schema.org\/Organization\"><span itemprop=\"name\">Fiverr<\/span><\/div>\n            <div itemprop=\"jobtitle\">Seller<\/div>\n            <div itemprop=\"description\">Sunt un programator cu 6 ani de experien\u021b\u0103 \u00een webmapping \u0219i 10 ani de experien\u021b\u0103 \u00een web development. V\u0103 pot ajuta s\u0103 rezolva\u021bi orice fel de probleme legate de h\u0103r\u021bi, cartografie \u0219i baze de date spa\u021biale.\nPot s\u0103 extrag date de pe site-uri web \u0219i s\u0103 procesez datele personalizate pentru dvs. Am experien\u021b\u0103 \u00een procesarea datelor folosind Python.\nCunosc \u0219i folosesc diferite produse software pentru GIS (QGIS sau ArcGIS) \u0219i diferite tehnologii pentru aplica\u021bii web precum Google Maps API, Leaflet, Mapbox etc.\nSunt mereu deschis c\u0103tre noile tehnologii \u0219i \u00eemi place s\u0103 fiu provocat \u00een proiectele mele.<\/div>\n        <\/div>\n    <\/a>\n<\/div>\n\n<script id=\"fiverr-seller-widget-script-651731d7-8f36-448b-8b52-b6c0a981071c\" src=\"https:\/\/widgets.fiverr.com\/api\/v1\/seller\/mdomnita?widget_id=651731d7-8f36-448b-8b52-b6c0a981071c\" data-config=\"{&quot;category_name&quot;:&quot;Programming \\u0026 Tech&quot;}\" async=\"true\" defer=\"true\"><\/script>\n<br>\n\n\n\nCluj-Napoca, Romania\n","protected":false},"excerpt":{"rendered":"<p>Trimite email mdomnita Fiverr Seller Sunt un programator cu 6 ani de experien\u021b\u0103 \u00een webmapping \u0219i 10 ani de experien\u021b\u0103 \u00een web development. V\u0103 pot ajuta s\u0103 rezolva\u021bi orice fel &#8230;<\/p>\n","protected":false},"author":1,"featured_media":0,"parent":0,"menu_order":0,"comment_status":"closed","ping_status":"closed","template":"","meta":{"footnotes":""},"class_list":["post-24","page","type-page","status-publish","hentry"],"translation":{"provider":"WPGlobus","version":"3.0.2","language":"ro","enabled_languages":["en","ro"],"languages":{"en":{"title":true,"content":true,"excerpt":false},"ro":{"title":true,"content":true,"excerpt":false}}},"_links":{"self":[{"href":"https:\/\/mapnology.eu\/ro\/wp-json\/wp\/v2\/pages\/24","targetHints":{"allow":["GET"]}}],"collection":[{"href":"https:\/\/mapnology.eu\/ro\/wp-json\/wp\/v2\/pages"}],"about":[{"href":"https:\/\/mapnology.eu\/ro\/wp-json\/wp\/v2\/types\/page"}],"author":[{"embeddable":true,"href":"https:\/\/mapnology.eu\/ro\/wp-json\/wp\/v2\/users\/1"}],"replies":[{"embeddable":true,"href":"https:\/\/mapnology.eu\/ro\/wp-json\/wp\/v2\/comments?post=24"}],"version-history":[{"count":6,"href":"https:\/\/mapnology.eu\/ro\/wp-json\/wp\/v2\/pages\/24\/revisions"}],"predecessor-version":[{"id":199,"href":"https:\/\/mapnology.eu\/ro\/wp-json\/wp\/v2\/pages\/24\/revisions\/199"}],"wp:attachment":[{"href":"https:\/\/mapnology.eu\/ro\/wp-json\/wp\/v2\/media?parent=24"}],"curies":[{"name":"wp","href":"https:\/\/api.w.org\/{rel}","templated":true}]}}