{"id":23,"date":"2021-11-26T13:54:57","date_gmt":"2021-11-26T13:54:57","guid":{"rendered":"https:\/\/mapnology.eu\/about\/"},"modified":"2022-07-24T11:06:10","modified_gmt":"2022-07-24T11:06:10","slug":"about","status":"publish","type":"page","link":"https:\/\/mapnology.eu\/ro\/about\/","title":{"rendered":"Despre Noi"},"content":{"rendered":"\n<h2>DESPRE MAPNOLOGY<\/h2>\n<p>Cu 10 ani de experien\u021b\u0103 \u00een procesarea datelor GIS, cartografiere \u0219i dezvoltare web, Mapnology v\u0103 poate oferi solu\u021bii GIS personalizate pentru nevoile dumneavoastr\u0103. Indiferent dac\u0103 ave\u021bi nevoie de o prelucrare a datelor, de extragere a datelor, de o hart\u0103 web sau de o list\u0103 de adrese geocodate, v\u0103 putem ajuta.<\/p>\n\n\n\n<h2>DE CE S\u0102 NE ALEGI<\/h2>\n<p>Experienta noastra cu clien\u021bi din mai mult de zece \u021b\u0103ri demonstreaz\u0103 capacitatea de a aborda diverse proiecte adaptate nevoilor oric\u0103rui utilizator. Oferim consultan\u021b\u0103 \u00een dezvoltarea propriului proiect GIS sau a aplica\u021biei de cartografiere, extragere a datelor, managementul datelor spa\u021biale \u0219i dezvoltarea site-ului web. Consulta\u021bi portofoliul nostru pentru exemple de aplica\u021bii \u0219i proiecte dezvoltate.<\/p>\n\n\n\n<h2>CE SPUN CLIEN\u021aII<\/h2>\n\n\n\n<blockquote class=\"wp-block-quote\"><p><span style=\"color:#FFB33E\"><i class=\"fa fa-star\"><\/i> 5<\/span> &#8211; It was great to work with this seller, fast effective and perfect. Will buy again.<\/p><cite style=\"text-align:end;\">eduardocouto, Portugal<\/cite><\/blockquote>\n\n\n\n<blockquote class=\"wp-block-quote\"><p><span style=\"color:#FFB33E\"><i class=\"fa fa-star\"><\/i> 5<\/span> &#8211; great to work with, can recommend<\/p><cite style=\"text-align:end;\">atxholding, Hungary<\/cite><\/blockquote>\n\n\n\n<blockquote class=\"wp-block-quote\"><p><span style=\"color:#FFB33E\"><i class=\"fa fa-star\"><\/i> 5<\/span> &#8211; Excellent work and a very quick turnaround time<\/p><cite style=\"text-align:end;\">wishlistjobs, United Kingdom<\/cite><\/blockquote>\n\n\n\n<blockquote class=\"wp-block-quote\"><p><span style=\"color:#FFB33E\"><i class=\"fa fa-star\"><\/i> 5<\/span> &#8211; Matei was very responsive and did everything exactly as requested. I sent him the work description before going to bed and everything was done when I woke up! Highly recommended!<\/p><cite style=\"text-align:end;\">edpettitt, United States<\/cite><\/blockquote>\n\n\n\n<blockquote class=\"wp-block-quote\"><p><span style=\"color:#37A000\"><i class=\"fa fa-star\"><\/i><i class=\"fa fa-star\"><\/i><i class=\"fa fa-star\"><\/i><i class=\"fa fa-star\"><\/i><i class=\"fa fa-star\"><\/i><\/span> &#8211; Matei does great work &amp; is one of the best communicators I&#8217;ve ever worked with on UpWork! I&#8217;ve hired him multiple times &amp; will definitely consider hiring him again in the future.<\/p><cite style=\"text-align:end;\">Steven Brockshus, United States<\/cite><\/blockquote>\n\n\n\n<blockquote class=\"wp-block-quote\"><p><span style=\"color:#37A000\"><i class=\"fa fa-star\"><\/i><i class=\"fa fa-star\"><\/i><i class=\"fa fa-star\"><\/i><i class=\"fa fa-star\"><\/i><i class=\"fa fa-star\"><\/i><\/span> &#8211; Matei is a GIS expert with excellent knowledge in spatial data &amp; analysis. And, his web development skills make him a valuable contributor on any scientific web development project.<\/p><cite style=\"text-align:end;\">Vincent Randall, United States<\/cite><\/blockquote>\n\n\n\n<p><\/p>\n","protected":false},"excerpt":{"rendered":"<p>DESPRE MAPNOLOGY Cu 10 ani de experien\u021b\u0103 \u00een procesarea datelor GIS, cartografiere \u0219i dezvoltare web, Mapnology v\u0103 poate oferi solu\u021bii GIS personalizate pentru nevoile dumneavoastr\u0103. Indiferent dac\u0103 ave\u021bi nevoie de &#8230;<\/p>\n","protected":false},"author":1,"featured_media":0,"parent":0,"menu_order":0,"comment_status":"closed","ping_status":"closed","template":"","meta":{"footnotes":""},"class_list":["post-23","page","type-page","status-publish","hentry"],"translation":{"provider":"WPGlobus","version":"3.0.2","language":"ro","enabled_languages":["en","ro"],"languages":{"en":{"title":true,"content":true,"excerpt":false},"ro":{"title":true,"content":true,"excerpt":false}}},"_links":{"self":[{"href":"https:\/\/mapnology.eu\/ro\/wp-json\/wp\/v2\/pages\/23","targetHints":{"allow":["GET"]}}],"collection":[{"href":"https:\/\/mapnology.eu\/ro\/wp-json\/wp\/v2\/pages"}],"about":[{"href":"https:\/\/mapnology.eu\/ro\/wp-json\/wp\/v2\/types\/page"}],"author":[{"embeddable":true,"href":"https:\/\/mapnology.eu\/ro\/wp-json\/wp\/v2\/users\/1"}],"replies":[{"embeddable":true,"href":"https:\/\/mapnology.eu\/ro\/wp-json\/wp\/v2\/comments?post=23"}],"version-history":[{"count":20,"href":"https:\/\/mapnology.eu\/ro\/wp-json\/wp\/v2\/pages\/23\/revisions"}],"predecessor-version":[{"id":251,"href":"https:\/\/mapnology.eu\/ro\/wp-json\/wp\/v2\/pages\/23\/revisions\/251"}],"wp:attachment":[{"href":"https:\/\/mapnology.eu\/ro\/wp-json\/wp\/v2\/media?parent=23"}],"curies":[{"name":"wp","href":"https:\/\/api.w.org\/{rel}","templated":true}]}}